{"id":378,"date":"2022-03-21T18:52:55","date_gmt":"2022-03-21T18:52:55","guid":{"rendered":"https:\/\/oels.dk\/?page_id=378"},"modified":"2022-04-01T04:52:49","modified_gmt":"2022-04-01T04:52:49","slug":"om-lene","status":"publish","type":"page","link":"https:\/\/oels.dk\/index.php\/om-lene\/","title":{"rendered":"Om Lene"},"content":{"rendered":"\t\t<div data-elementor-type=\"wp-page\" data-elementor-id=\"378\" class=\"elementor elementor-378\" data-elementor-post-type=\"page\">\n\t\t\t\t\t\t<section class=\"elementor-section elementor-top-section elementor-element elementor-element-62f80cac elementor-section-boxed elementor-section-height-default elementor-section-height-default\" data-id=\"62f80cac\" data-element_type=\"section\" data-e-type=\"section\">\n\t\t\t\t\t\t<div class=\"elementor-container elementor-column-gap-default\">\n\t\t\t\t\t<div class=\"elementor-column elementor-col-50 elementor-top-column elementor-element elementor-element-6ff070c5\" data-id=\"6ff070c5\" data-element_type=\"column\" data-e-type=\"column\">\n\t\t\t<div class=\"elementor-widget-wrap elementor-element-populated\">\n\t\t\t\t\t\t<div class=\"elementor-element elementor-element-211ddae7 elementor-widget elementor-widget-heading\" data-id=\"211ddae7\" data-element_type=\"widget\" data-e-type=\"widget\" data-widget_type=\"heading.default\">\n\t\t\t\t<div class=\"elementor-widget-container\">\n\t\t\t\t\t<h2 class=\"elementor-heading-title elementor-size-default\">Om Lene Greve<\/h2>\t\t\t\t<\/div>\n\t\t\t\t<\/div>\n\t\t\t\t<div class=\"elementor-element elementor-element-7cdbf93f elementor-widget elementor-widget-text-editor\" data-id=\"7cdbf93f\" data-element_type=\"widget\" data-e-type=\"widget\" data-widget_type=\"text-editor.default\">\n\t\t\t\t<div class=\"elementor-widget-container\">\n\t\t\t\t\t\t\t\t\t<div id=\"col_left\"><p>Jeg er\u00a0 <a href=\"http:\/\/www.lenegreve.dk\/akupunktur.php\"><strong>akupunkt\u00f8r<\/strong><\/a>\u00a0inden for TCM (Traditionel Kinesisk Medicin) og CCM (Klassisk Kinesisk Medicin). Uddannet fra Akupunktur Akademiet med en af de mest omfangsrige grunduddannelser i Danmark.<\/p><p>Jeg er RAB godkendt og medlem af PA (Praktiserende Akupunkt\u00f8rer). Dette sikrer dig et h\u00f8jt fagligt niveau og nogle sundhedsforsikringer d\u00e6kker derfor akupunktur behandlinger hos mig. Desuden kr\u00e6ver Praktiserende Akupunkt\u00f8rer, at jeg til stadighed dygtigg\u00f8r mig, hvilket jeg da ogs\u00e5 g\u00f8r meget i, mest for fortsat at kunne hj\u00e6lpe dig bedst muligt.<\/p><p>Med akupunkturen har jeg is\u00e6r stor succes med smertelindring af enhver slags, samt behandling mod stress, depression, barnl\u00f8shed.<\/p><p><a href=\"http:\/\/www.lenegreve.dk\/ansigtslaesning.php\"><strong>Ansigtsl\u00e6sning<\/strong><\/a> <br \/>Bruger jeg bla. til at stille den helt rigtige diagnose, hvis du kommer til akupunktur behandling, men du kan ogs\u00e5 f\u00e5 en hel konsultation, hvor jeg udelukkende fort\u00e6ller lidt af det jeg ser i dit ansigt. Jeg har v\u00e6ret under to masters i udlandet, og har i flere \u00e5r undervist i lige netop ansigtsl\u00e6sning \u2013 en sk\u00f8n m\u00e5de at se, hvem du virkeligt taler med ansigt til ansigt.<\/p><\/div><div id=\"col_right\">\u00a0<\/div>\t\t\t\t\t\t\t\t<\/div>\n\t\t\t\t<\/div>\n\t\t\t\t\t<\/div>\n\t\t<\/div>\n\t\t\t\t<div class=\"elementor-column elementor-col-50 elementor-top-column elementor-element elementor-element-3d176109\" data-id=\"3d176109\" data-element_type=\"column\" data-e-type=\"column\">\n\t\t\t<div class=\"elementor-widget-wrap elementor-element-populated\">\n\t\t\t\t\t\t<div class=\"elementor-element elementor-element-1eb33f04 elementor-widget elementor-widget-image\" data-id=\"1eb33f04\" data-element_type=\"widget\" data-e-type=\"widget\" data-widget_type=\"image.default\">\n\t\t\t\t<div class=\"elementor-widget-container\">\n\t\t\t\t\t\t\t\t\t\t\t\t\t\t\t<img fetchpriority=\"high\" decoding=\"async\" width=\"323\" height=\"215\" src=\"https:\/\/oels.dk\/wp-content\/uploads\/2022\/02\/lenegreve.jpg\" class=\"attachment-large size-large wp-image-48\" alt=\"Lene Greve\" srcset=\"https:\/\/oels.dk\/wp-content\/uploads\/2022\/02\/lenegreve.jpg 323w, https:\/\/oels.dk\/wp-content\/uploads\/2022\/02\/lenegreve-300x200.jpg 300w\" sizes=\"(max-width: 323px) 100vw, 323px\" \/>\t\t\t\t\t\t\t\t\t\t\t\t\t\t\t<\/div>\n\t\t\t\t<\/div>\n\t\t\t\t\t<\/div>\n\t\t<\/div>\n\t\t\t\t\t<\/div>\n\t\t<\/section>\n\t\t\t\t<section class=\"elementor-section elementor-top-section elementor-element elementor-element-40561789 elementor-section-boxed elementor-section-height-default elementor-section-height-default\" data-id=\"40561789\" data-element_type=\"section\" data-e-type=\"section\">\n\t\t\t\t\t\t<div class=\"elementor-container elementor-column-gap-default\">\n\t\t\t\t\t<div class=\"elementor-column elementor-col-50 elementor-top-column elementor-element elementor-element-783e4330\" data-id=\"783e4330\" data-element_type=\"column\" data-e-type=\"column\">\n\t\t\t<div class=\"elementor-widget-wrap elementor-element-populated\">\n\t\t\t\t\t\t<div class=\"elementor-element elementor-element-30bef6f3 elementor-widget elementor-widget-text-editor\" data-id=\"30bef6f3\" data-element_type=\"widget\" data-e-type=\"widget\" data-widget_type=\"text-editor.default\">\n\t\t\t\t<div class=\"elementor-widget-container\">\n\t\t\t\t\t\t\t\t\t<p><strong>Naturligt smuk uden kemi eller fillers: <\/strong><br \/>Jeg har desuden videreuddannet mig indenfor <a href=\"http:\/\/www.lenegreve.dk\/kosmetiskakupunktur.php\">kosmetologiske akupunkturbehandlinger<\/a> og n\u00e5r jeg kombinerer det med ansigtsl\u00e6sning finder jeg som regel ind til \u00e5rsagen for de features, der \u00f8nskes \u00e6ndret.<\/p><p>Jeg er l\u00e6geeksamineret <a href=\"http:\/\/www.lenegreve.dk\/massage.php\"><strong>mass\u00f8r<\/strong><\/a> og blander gerne massage og akupunktur, hvis det er det mest optimale for dig.<\/p><p><a href=\"http:\/\/www.lenegreve.dk\/healing.php\"><strong>Healingen<\/strong><\/a> begyndte at tage form tidligt i mit liv, hvor jeg som barnepige brugte evnen til at f\u00e5 b\u00f8rnene til at falde til ro. Senere inden for det alternative som Reiki healer og intuitiv healer. Nu kan det s\u00e5 suppleres yderligere med min anden viden fra det alternative, ikke mindst\u00a0 <a href=\"http:\/\/www.lenegreve.dk\/akupunktur.php\">akupunkturen <\/a>.<\/p><p>Jeg har ogs\u00e5 en uddannelse som\u00a0 <a href=\"http:\/\/www.lenegreve.dk\/clairvoyance.php\">clairvoyant r\u00e5dgiver<\/a>. Talentet har jeg altid haft, og nu da det er blevet yderligere sk\u00e6rpet, er intuitionen og evnerne noget jeg bruger dagligt.<\/p><p>L\u00e6s mere her p\u00e5 min hjemmeside, og <a href=\"http:\/\/www.lenegreve.dk\/kontakt.php\">kontakt <\/a> mig gerne, hvis jeg kan hj\u00e6lpe dig eller du har sp\u00f8rgsm\u00e5l.<\/p><p>\u00a0<\/p><p>\u00a0<\/p>\t\t\t\t\t\t\t\t<\/div>\n\t\t\t\t<\/div>\n\t\t\t\t<div class=\"elementor-element elementor-element-667884d elementor-widget elementor-widget-heading\" data-id=\"667884d\" data-element_type=\"widget\" data-e-type=\"widget\" data-widget_type=\"heading.default\">\n\t\t\t\t<div class=\"elementor-widget-container\">\n\t\t\t\t\t<h2 class=\"elementor-heading-title elementor-size-default\">Aktuelt<\/h2>\t\t\t\t<\/div>\n\t\t\t\t<\/div>\n\t\t\t\t<div class=\"elementor-element elementor-element-95a52de elementor-widget elementor-widget-text-editor\" data-id=\"95a52de\" data-element_type=\"widget\" data-e-type=\"widget\" data-widget_type=\"text-editor.default\">\n\t\t\t\t<div class=\"elementor-widget-container\">\n\t\t\t\t\t\t\t\t\t<p>Jeg har god erfaring med behandling af Corona eftervirkninger med akupunktur og cupping. <a href=\"https:\/\/www.lenegreve.dk\/covid19.php\"> Se mere her<\/a><\/p><p>Her kan du l\u00e6re lidt mere om at styrke dit eget immunforsvar gennem 5 lette tiltag <a href=\"https:\/\/lenegreve.simplero.com\/purchase\/110541-Styrk-dit-immunforsvar\/price\/327469-simple-price\">Se det her<\/a><\/p><p>Events, kursus og foredrag. Se <a href=\"https:\/\/www.lenegreve.dk\/events.php\"> Lenes Events<\/a><\/p><p>Lene<\/p>\t\t\t\t\t\t\t\t<\/div>\n\t\t\t\t<\/div>\n\t\t\t\t\t<\/div>\n\t\t<\/div>\n\t\t\t\t<div class=\"elementor-column elementor-col-50 elementor-top-column elementor-element elementor-element-401c3f6b\" data-id=\"401c3f6b\" data-element_type=\"column\" data-e-type=\"column\">\n\t\t\t<div class=\"elementor-widget-wrap elementor-element-populated\">\n\t\t\t\t\t\t<div class=\"elementor-element elementor-element-3f3c51e6 elementor-widget elementor-widget-image\" data-id=\"3f3c51e6\" data-element_type=\"widget\" data-e-type=\"widget\" data-widget_type=\"image.default\">\n\t\t\t\t<div class=\"elementor-widget-container\">\n\t\t\t\t\t\t\t\t\t\t\t\t\t\t\t<img decoding=\"async\" width=\"137\" height=\"138\" src=\"https:\/\/oels.dk\/wp-content\/uploads\/2022\/02\/lene_greve_logo.png\" class=\"attachment-large size-large wp-image-46\" alt=\"\" \/>\t\t\t\t\t\t\t\t\t\t\t\t\t\t\t<\/div>\n\t\t\t\t<\/div>\n\t\t\t\t\t<\/div>\n\t\t<\/div>\n\t\t\t\t\t<\/div>\n\t\t<\/section>\n\t\t\t\t<section class=\"elementor-section elementor-top-section elementor-element elementor-element-7d03c81c elementor-section-boxed elementor-section-height-default elementor-section-height-default\" data-id=\"7d03c81c\" data-element_type=\"section\" data-e-type=\"section\">\n\t\t\t\t\t\t<div class=\"elementor-container elementor-column-gap-default\">\n\t\t\t\t\t<div class=\"elementor-column elementor-col-100 elementor-top-column elementor-element elementor-element-7f34bf30\" data-id=\"7f34bf30\" data-element_type=\"column\" data-e-type=\"column\">\n\t\t\t<div class=\"elementor-widget-wrap elementor-element-populated\">\n\t\t\t\t\t\t<div class=\"elementor-element elementor-element-38778ae4 elementor-widget__width-auto elementor-invisible elementor-widget elementor-widget-button\" data-id=\"38778ae4\" data-element_type=\"widget\" data-e-type=\"widget\" data-settings=\"{&quot;_animation&quot;:&quot;fadeInLeft&quot;}\" data-widget_type=\"button.default\">\n\t\t\t\t<div class=\"elementor-widget-container\">\n\t\t\t\t\t\t\t\t\t<div class=\"elementor-button-wrapper\">\n\t\t\t\t\t<a class=\"elementor-button elementor-size-sm elementor-animation-grow\" role=\"button\">\n\t\t\t\t\t\t<span class=\"elementor-button-content-wrapper\">\n\t\t\t\t\t\t\t\t\t<span class=\"elementor-button-text\">Nyhedsbrev<\/span>\n\t\t\t\t\t<\/span>\n\t\t\t\t\t<\/a>\n\t\t\t\t<\/div>\n\t\t\t\t\t\t\t\t<\/div>\n\t\t\t\t<\/div>\n\t\t\t\t<div class=\"elementor-element elementor-element-127ff2aa elementor-widget__width-auto elementor-invisible elementor-widget elementor-widget-button\" data-id=\"127ff2aa\" data-element_type=\"widget\" data-e-type=\"widget\" data-settings=\"{&quot;motion_fx_motion_fx_scrolling&quot;:&quot;yes&quot;,&quot;motion_fx_motion_fx_mouse&quot;:&quot;yes&quot;,&quot;_animation&quot;:&quot;fadeInUp&quot;,&quot;_animation_tablet&quot;:&quot;fadeInRight&quot;,&quot;_animation_mobile&quot;:&quot;fadeInRight&quot;,&quot;motion_fx_devices&quot;:[&quot;desktop&quot;,&quot;tablet&quot;,&quot;mobile&quot;]}\" data-widget_type=\"button.default\">\n\t\t\t\t<div class=\"elementor-widget-container\">\n\t\t\t\t\t\t\t\t\t<div class=\"elementor-button-wrapper\">\n\t\t\t\t\t<a class=\"elementor-button elementor-size-sm elementor-animation-grow\" role=\"button\">\n\t\t\t\t\t\t<span class=\"elementor-button-content-wrapper\">\n\t\t\t\t\t\t\t\t\t<span class=\"elementor-button-text\">Kontakt<\/span>\n\t\t\t\t\t<\/span>\n\t\t\t\t\t<\/a>\n\t\t\t\t<\/div>\n\t\t\t\t\t\t\t\t<\/div>\n\t\t\t\t<\/div>\n\t\t\t\t<div class=\"elementor-element elementor-element-19cf816c elementor-widget__width-auto elementor-invisible elementor-widget elementor-widget-button\" data-id=\"19cf816c\" data-element_type=\"widget\" data-e-type=\"widget\" data-settings=\"{&quot;_animation&quot;:&quot;fadeInUp&quot;,&quot;_animation_tablet&quot;:&quot;fadeInLeft&quot;,&quot;_animation_mobile&quot;:&quot;fadeInLeft&quot;}\" data-widget_type=\"button.default\">\n\t\t\t\t<div class=\"elementor-widget-container\">\n\t\t\t\t\t\t\t\t\t<div class=\"elementor-button-wrapper\">\n\t\t\t\t\t<a class=\"elementor-button elementor-button-link elementor-size-sm elementor-animation-grow\" href=\"#\">\n\t\t\t\t\t\t<span class=\"elementor-button-content-wrapper\">\n\t\t\t\t\t\t\t\t\t<span class=\"elementor-button-text\">Book tid<\/span>\n\t\t\t\t\t<\/span>\n\t\t\t\t\t<\/a>\n\t\t\t\t<\/div>\n\t\t\t\t\t\t\t\t<\/div>\n\t\t\t\t<\/div>\n\t\t\t\t<div class=\"elementor-element elementor-element-8ba0c5 elementor-widget__width-auto elementor-invisible elementor-widget elementor-widget-button\" data-id=\"8ba0c5\" data-element_type=\"widget\" data-e-type=\"widget\" data-settings=\"{&quot;_animation&quot;:&quot;fadeInRight&quot;}\" data-widget_type=\"button.default\">\n\t\t\t\t<div class=\"elementor-widget-container\">\n\t\t\t\t\t\t\t\t\t<div class=\"elementor-button-wrapper\">\n\t\t\t\t\t<a class=\"elementor-button elementor-button-link elementor-size-sm elementor-animation-grow\" href=\"https:\/\/oels.dk\/index.php\/om-lene\/\">\n\t\t\t\t\t\t<span class=\"elementor-button-content-wrapper\">\n\t\t\t\t\t\t\t\t\t<span class=\"elementor-button-text\">Priser<\/span>\n\t\t\t\t\t<\/span>\n\t\t\t\t\t<\/a>\n\t\t\t\t<\/div>\n\t\t\t\t\t\t\t\t<\/div>\n\t\t\t\t<\/div>\n\t\t\t\t\t<\/div>\n\t\t<\/div>\n\t\t\t\t\t<\/div>\n\t\t<\/section>\n\t\t\t\t<section class=\"elementor-section elementor-top-section elementor-element elementor-element-8ac682a elementor-section-boxed elementor-section-height-default elementor-section-height-default\" data-id=\"8ac682a\" data-element_type=\"section\" data-e-type=\"section\">\n\t\t\t\t\t\t<div class=\"elementor-container elementor-column-gap-default\">\n\t\t\t\t\t<div class=\"elementor-column elementor-col-100 elementor-top-column elementor-element elementor-element-4b6786e\" data-id=\"4b6786e\" data-element_type=\"column\" data-e-type=\"column\">\n\t\t\t<div class=\"elementor-widget-wrap elementor-element-populated\">\n\t\t\t\t\t\t<div class=\"elementor-element elementor-element-ace0985 elementor-testimonial--skin-default elementor-testimonial--layout-image_inline elementor-testimonial--align-center elementor-pagination-type-bullets elementor-widget elementor-widget-global elementor-global-1235 elementor-widget-testimonial-carousel\" data-id=\"ace0985\" data-element_type=\"widget\" data-e-type=\"widget\" data-settings=\"{&quot;speed&quot;:2200,&quot;space_between&quot;:{&quot;unit&quot;:&quot;px&quot;,&quot;size&quot;:40,&quot;sizes&quot;:[]},&quot;pagination&quot;:&quot;bullets&quot;,&quot;autoplay&quot;:&quot;yes&quot;,&quot;autoplay_speed&quot;:5000,&quot;loop&quot;:&quot;yes&quot;,&quot;pause_on_hover&quot;:&quot;yes&quot;,&quot;pause_on_interaction&quot;:&quot;yes&quot;,&quot;space_between_tablet&quot;:{&quot;unit&quot;:&quot;px&quot;,&quot;size&quot;:10,&quot;sizes&quot;:[]},&quot;space_between_mobile&quot;:{&quot;unit&quot;:&quot;px&quot;,&quot;size&quot;:10,&quot;sizes&quot;:[]}}\" data-widget_type=\"testimonial-carousel.default\">\n\t\t\t\t<div class=\"elementor-widget-container\">\n\t\t\t\t\t\t\t\t\t<div class=\"elementor-swiper\">\n\t\t\t\t\t<div class=\"elementor-main-swiper swiper\" role=\"region\" aria-roledescription=\"carousel\" aria-label=\"Dias (slides)\">\n\t\t\t\t<div class=\"swiper-wrapper\">\n\t\t\t\t\t\t\t\t\t\t\t<div class=\"swiper-slide\" role=\"group\" aria-roledescription=\"slide\">\n\t\t\t\t\t\t\t\t\t<div class=\"elementor-testimonial\">\n\t\t\t\t\t\t\t<div class=\"elementor-testimonial__content\">\n\t\t\t\t\t<div class=\"elementor-testimonial__text\">\n\t\t\t\t\t\tDenne reference bruges hvis der ikke er en ovenst\u00e5ende med specifikt  indhold der passer bedre til indholdet p\u00e5 siden. \n\nEr det ikke tilf\u00e6ldet bruges denne generelle widget og den enkelte referel widget ovenover slettes.\t\t\t\t\t<\/div>\n\t\t\t\t\t\t\t\t\t<\/div>\n\t\t\t\t\t\t<div class=\"elementor-testimonial__footer\">\n\t\t\t\t\t\t\t\t\t<div class=\"elementor-testimonial__image\">\n\t\t\t\t\t\t<img decoding=\"async\" src=\"https:\/\/oels.dk\/wp-content\/uploads\/2022\/02\/lenegreve3.jpg\" alt=\"Lene Greve\">\n\t\t\t\t\t\t\t\t\t\t\t<\/div>\n\t\t\t\t\t\t\t\t<cite class=\"elementor-testimonial__cite\"><span class=\"elementor-testimonial__name\">Lene Greve<\/span><span class=\"elementor-testimonial__title\">Direkt\u00f8r<\/span><\/cite>\t\t\t<\/div>\n\t\t<\/div>\n\t\t\t\t\t\t\t\t<\/div>\n\t\t\t\t\t\t\t\t\t\t\t<div class=\"swiper-slide\" role=\"group\" aria-roledescription=\"slide\">\n\t\t\t\t\t\t\t\t\t<div class=\"elementor-testimonial\">\n\t\t\t\t\t\t\t<div class=\"elementor-testimonial__content\">\n\t\t\t\t\t<div class=\"elementor-testimonial__text\">\n\t\t\t\t\t\tDenne reference bruges hvis der ikke er en ovenst\u00e5ende med specifikt  indhold der passer bedre til indholdet p\u00e5 siden. \n\nDenne er global all round!\t\t\t\t\t<\/div>\n\t\t\t\t\t\t\t\t\t<\/div>\n\t\t\t\t\t\t<div class=\"elementor-testimonial__footer\">\n\t\t\t\t\t\t\t\t\t<div class=\"elementor-testimonial__image\">\n\t\t\t\t\t\t<img decoding=\"async\" src=\"https:\/\/oels.dk\/wp-content\/uploads\/2022\/03\/5e46bb8b8514e6fdc3aae966963cb43e.jpg\" alt=\"John\">\n\t\t\t\t\t\t\t\t\t\t\t<\/div>\n\t\t\t\t\t\t\t\t<cite class=\"elementor-testimonial__cite\"><span class=\"elementor-testimonial__name\">John<\/span><span class=\"elementor-testimonial__title\">Webmaster<\/span><\/cite>\t\t\t<\/div>\n\t\t<\/div>\n\t\t\t\t\t\t\t\t<\/div>\n\t\t\t\t\t\t\t\t\t\t\t<div class=\"swiper-slide\" role=\"group\" aria-roledescription=\"slide\">\n\t\t\t\t\t\t\t\t\t<div class=\"elementor-testimonial\">\n\t\t\t\t\t\t\t<div class=\"elementor-testimonial__content\">\n\t\t\t\t\t<div class=\"elementor-testimonial__text\">\n\t\t\t\t\t\temne 3 virker ogs\u00e5 men er kort\n\n\t\t\t\t\t<\/div>\n\t\t\t\t\t\t\t\t\t<\/div>\n\t\t\t\t\t\t<div class=\"elementor-testimonial__footer\">\n\t\t\t\t\t\t\t\t\t<div class=\"elementor-testimonial__image\">\n\t\t\t\t\t\t<img decoding=\"async\" src=\"https:\/\/oels.dk\/wp-content\/uploads\/2022\/02\/lenegreve-old.jpg\" alt=\"Lene\">\n\t\t\t\t\t\t\t\t\t\t\t<\/div>\n\t\t\t\t\t\t\t\t<cite class=\"elementor-testimonial__cite\"><span class=\"elementor-testimonial__name\">Lene<\/span><span class=\"elementor-testimonial__title\">Direkt\u00f8r<\/span><\/cite>\t\t\t<\/div>\n\t\t<\/div>\n\t\t\t\t\t\t\t\t<\/div>\n\t\t\t\t\t\t\t\t\t<\/div>\n\t\t\t\t\t\t\t\t\t\t\t\t\t\t\t\t\t\t\t\t<div class=\"swiper-pagination\"><\/div>\n\t\t\t\t\t\t\t\t\t\t\t\t<\/div>\n\t\t\t\t<\/div>\n\t\t\t\t\t\t\t\t<\/div>\n\t\t\t\t<\/div>\n\t\t\t\t\t<\/div>\n\t\t<\/div>\n\t\t\t\t\t<\/div>\n\t\t<\/section>\n\t\t\t\t<\/div>\n\t\t","protected":false},"excerpt":{"rendered":"<p>Om Lene Greve Jeg er\u00a0 akupunkt\u00f8r\u00a0inden for TCM (Traditionel Kinesisk Medicin) og CCM (Klassisk Kinesisk Medicin). Uddannet fra Akupunktur Akademiet med en af de mest omfangsrige grunduddannelser i Danmark. Jeg er RAB godkendt og medlem af PA (Praktiserende Akupunkt\u00f8rer). Dette sikrer dig et h\u00f8jt fagligt niveau og nogle sundhedsforsikringer d\u00e6kker derfor akupunktur behandlinger hos mig. [&hellip;]<\/p>\n","protected":false},"author":1,"featured_media":0,"parent":0,"menu_order":0,"comment_status":"closed","ping_status":"closed","template":"","meta":{"footnotes":""},"class_list":["post-378","page","type-page","status-publish","hentry"],"_links":{"self":[{"href":"https:\/\/oels.dk\/index.php\/wp-json\/wp\/v2\/pages\/378"}],"collection":[{"href":"https:\/\/oels.dk\/index.php\/wp-json\/wp\/v2\/pages"}],"about":[{"href":"https:\/\/oels.dk\/index.php\/wp-json\/wp\/v2\/types\/page"}],"author":[{"embeddable":true,"href":"https:\/\/oels.dk\/index.php\/wp-json\/wp\/v2\/users\/1"}],"replies":[{"embeddable":true,"href":"https:\/\/oels.dk\/index.php\/wp-json\/wp\/v2\/comments?post=378"}],"version-history":[{"count":70,"href":"https:\/\/oels.dk\/index.php\/wp-json\/wp\/v2\/pages\/378\/revisions"}],"predecessor-version":[{"id":1566,"href":"https:\/\/oels.dk\/index.php\/wp-json\/wp\/v2\/pages\/378\/revisions\/1566"}],"wp:attachment":[{"href":"https:\/\/oels.dk\/index.php\/wp-json\/wp\/v2\/media?parent=378"}],"curies":[{"name":"wp","href":"https:\/\/api.w.org\/{rel}","templated":true}]}}